{"id":26916,"date":"2025-07-08T09:45:07","date_gmt":"2025-07-08T07:45:07","guid":{"rendered":"https:\/\/www.bikotech.pl\/?page_id=26916"},"modified":"2025-07-08T15:41:02","modified_gmt":"2025-07-08T13:41:02","slug":"konferencje-bikotech","status":"publish","type":"page","link":"https:\/\/www.bikotech.pl\/index.php\/konferencje-bikotech\/","title":{"rendered":"konferencje Bikotech"},"content":{"rendered":"<p>W przemy\u015ble spo\u017cywczym dzia\u0142amy od kilkunastu lat. Oto nasze aktualne projekty<\/p>\n<blockquote class=\"wp-embedded-content\" data-secret=\"rFbUMWNywV\"><p><a href=\"https:\/\/www.bikotech.pl\/index.php\/forum-technologii-alkoholi-mocnych\/\">Forum Technologii Alkoholi Mocnych<\/a><\/p><\/blockquote>\n<p><iframe loading=\"lazy\" class=\"wp-embedded-content\" sandbox=\"allow-scripts\" security=\"restricted\" style=\"position: absolute; visibility: hidden;\" title=\"&#8222;Forum Technologii Alkoholi Mocnych&#8221; &#8212; bikotech.pl\" src=\"https:\/\/www.bikotech.pl\/index.php\/forum-technologii-alkoholi-mocnych\/embed\/#?secret=Gzm8AiH9ej#?secret=rFbUMWNywV\" data-secret=\"rFbUMWNywV\" width=\"600\" height=\"338\" frameborder=\"0\" marginwidth=\"0\" marginheight=\"0\" scrolling=\"no\"><\/iframe><\/p>\n<p>&nbsp;<\/p>\n<blockquote class=\"wp-embedded-content\" data-secret=\"cIGIHKARVo\"><p><a href=\"https:\/\/www.bikotech.pl\/index.php\/pet-food-tech\/\">Pet Food Tech<\/a><\/p><\/blockquote>\n<p><iframe loading=\"lazy\" class=\"wp-embedded-content\" sandbox=\"allow-scripts\" security=\"restricted\" style=\"position: absolute; visibility: hidden;\" title=\"&#8222;Pet Food Tech&#8221; &#8212; bikotech.pl\" src=\"https:\/\/www.bikotech.pl\/index.php\/pet-food-tech\/embed\/#?secret=ET0wGi0lxV#?secret=cIGIHKARVo\" data-secret=\"cIGIHKARVo\" width=\"600\" height=\"338\" frameborder=\"0\" marginwidth=\"0\" marginheight=\"0\" scrolling=\"no\"><\/iframe><\/p>\n<p>&nbsp;<\/p>\n<blockquote class=\"wp-embedded-content\" data-secret=\"ckYmxfGzUA\"><p><a href=\"https:\/\/www.bikotech.pl\/index.php\/polski-kongres-serowarski\/\">Polski Kongres Serowarski<\/a><\/p><\/blockquote>\n<p><iframe loading=\"lazy\" class=\"wp-embedded-content\" sandbox=\"allow-scripts\" security=\"restricted\" style=\"position: absolute; visibility: hidden;\" title=\"&#8222;Polski Kongres Serowarski&#8221; &#8212; bikotech.pl\" src=\"https:\/\/www.bikotech.pl\/index.php\/polski-kongres-serowarski\/embed\/#?secret=1iJNOrIL9C#?secret=ckYmxfGzUA\" data-secret=\"ckYmxfGzUA\" width=\"600\" height=\"338\" frameborder=\"0\" marginwidth=\"0\" marginheight=\"0\" scrolling=\"no\"><\/iframe><\/p>\n<p>&nbsp;<\/p>\n<p>&nbsp;<\/p>\n<blockquote class=\"wp-embedded-content\" data-secret=\"HBC6vx1Yu8\"><p><a href=\"https:\/\/www.bikotech.pl\/index.php\/polski-kongres-browarniczy\/\">Polski Kongres Browarniczy<\/a><\/p><\/blockquote>\n<p><iframe loading=\"lazy\" class=\"wp-embedded-content\" sandbox=\"allow-scripts\" security=\"restricted\" style=\"position: absolute; visibility: hidden;\" title=\"&#8222;Polski Kongres Browarniczy&#8221; &#8212; bikotech.pl\" src=\"https:\/\/www.bikotech.pl\/index.php\/polski-kongres-browarniczy\/embed\/#?secret=Dp1H6X7ok5#?secret=HBC6vx1Yu8\" data-secret=\"HBC6vx1Yu8\" width=\"600\" height=\"338\" frameborder=\"0\" marginwidth=\"0\" marginheight=\"0\" scrolling=\"no\"><\/iframe><\/p>\n<p>&nbsp;<\/p>\n<blockquote class=\"wp-embedded-content\" data-secret=\"eLaF2IEusO\"><p><a href=\"https:\/\/www.bikotech.pl\/index.php\/polski-kongres-napojowy\/\">Polski Kongres Napojowy<\/a><\/p><\/blockquote>\n<p><iframe loading=\"lazy\" class=\"wp-embedded-content\" sandbox=\"allow-scripts\" security=\"restricted\" style=\"position: absolute; visibility: hidden;\" title=\"&#8222;Polski Kongres Napojowy&#8221; &#8212; bikotech.pl\" src=\"https:\/\/www.bikotech.pl\/index.php\/polski-kongres-napojowy\/embed\/#?secret=gc7r1XYeVR#?secret=eLaF2IEusO\" data-secret=\"eLaF2IEusO\" width=\"600\" height=\"338\" frameborder=\"0\" marginwidth=\"0\" marginheight=\"0\" scrolling=\"no\"><\/iframe><\/p>\n<blockquote class=\"wp-embedded-content\" data-secret=\"zjBin8beX9\"><p><a href=\"https:\/\/www.bikotech.pl\/index.php\/wiosenne-warsztaty-piwowarskie\/\">Wiosenne Warsztaty Piwowarskie<\/a><\/p><\/blockquote>\n<p><iframe loading=\"lazy\" class=\"wp-embedded-content\" sandbox=\"allow-scripts\" security=\"restricted\" style=\"position: absolute; visibility: hidden;\" title=\"&#8222;Wiosenne Warsztaty Piwowarskie&#8221; &#8212; bikotech.pl\" src=\"https:\/\/www.bikotech.pl\/index.php\/wiosenne-warsztaty-piwowarskie\/embed\/#?secret=HJqtrBhYPI#?secret=zjBin8beX9\" data-secret=\"zjBin8beX9\" width=\"600\" height=\"338\" frameborder=\"0\" marginwidth=\"0\" marginheight=\"0\" scrolling=\"no\"><\/iframe><\/p>\n<blockquote class=\"wp-embedded-content\" data-secret=\"NunPLUoliw\"><p><a href=\"https:\/\/www.bikotech.pl\/index.php\/wiosenne-warsztaty-sokownicze-i-napojowe\/\">Wiosenne Warsztaty Sokownicze i Napojowe<\/a><\/p><\/blockquote>\n<p><iframe loading=\"lazy\" class=\"wp-embedded-content\" sandbox=\"allow-scripts\" security=\"restricted\" style=\"position: absolute; visibility: hidden;\" title=\"&#8222;Wiosenne Warsztaty Sokownicze i Napojowe&#8221; &#8212; bikotech.pl\" src=\"https:\/\/www.bikotech.pl\/index.php\/wiosenne-warsztaty-sokownicze-i-napojowe\/embed\/#?secret=eTM8P38oPQ#?secret=NunPLUoliw\" data-secret=\"NunPLUoliw\" width=\"600\" height=\"338\" frameborder=\"0\" marginwidth=\"0\" marginheight=\"0\" scrolling=\"no\"><\/iframe><\/p>\n<p>&nbsp;<\/p>\n<blockquote class=\"wp-embedded-content\" data-secret=\"CUUymR0gKK\"><p><a href=\"https:\/\/www.bikotech.pl\/index.php\/liderzy-optymalizacji-produkcji\/\">Liderzy Optymalizacji Produkcji<\/a><\/p><\/blockquote>\n<p><iframe loading=\"lazy\" class=\"wp-embedded-content\" sandbox=\"allow-scripts\" security=\"restricted\" style=\"position: absolute; visibility: hidden;\" title=\"&#8222;Liderzy Optymalizacji Produkcji&#8221; &#8212; bikotech.pl\" src=\"https:\/\/www.bikotech.pl\/index.php\/liderzy-optymalizacji-produkcji\/embed\/#?secret=eUV3Vnl3V5#?secret=CUUymR0gKK\" data-secret=\"CUUymR0gKK\" width=\"600\" height=\"338\" frameborder=\"0\" marginwidth=\"0\" marginheight=\"0\" scrolling=\"no\"><\/iframe><\/p>\n<blockquote class=\"wp-embedded-content\" data-secret=\"8zARZ1BcCy\"><p><a href=\"https:\/\/www.bikotech.pl\/index.php\/forum-lodowe\/\">Forum Lodowe &#038; Sweet<\/a><\/p><\/blockquote>\n<p><iframe loading=\"lazy\" class=\"wp-embedded-content\" sandbox=\"allow-scripts\" security=\"restricted\" style=\"position: absolute; visibility: hidden;\" title=\"&#8222;Forum Lodowe &#038; Sweet&#8221; &#8212; bikotech.pl\" src=\"https:\/\/www.bikotech.pl\/index.php\/forum-lodowe\/embed\/#?secret=AvvjA7e3WK#?secret=8zARZ1BcCy\" data-secret=\"8zARZ1BcCy\" width=\"600\" height=\"338\" frameborder=\"0\" marginwidth=\"0\" marginheight=\"0\" scrolling=\"no\"><\/iframe><\/p>\n","protected":false},"excerpt":{"rendered":"<p>W przemy\u015ble spo\u017cywczym dzia\u0142amy od kilkunastu lat. Oto nasze aktualne projekty &nbsp; &nbsp; &nbsp; &nbsp; &nbsp; Wiosenne Warsztaty Sokownicze i Napojowe &nbsp;<\/p>\n","protected":false},"author":2,"featured_media":0,"parent":0,"menu_order":0,"comment_status":"closed","ping_status":"closed","template":"page-fullwidth.php","meta":{"footnotes":""},"class_list":["post-26916","page","type-page","status-publish","hentry"],"yoast_head":"<!-- This site is optimized with the Yoast SEO plugin v20.2.1 - https:\/\/yoast.com\/wordpress\/plugins\/seo\/ -->\n<title>konferencje Bikotech | bikotech.pl<\/title>\n<meta name=\"robots\" content=\"index, follow, max-snippet:-1, max-image-preview:large, max-video-preview:-1\" \/>\n<link rel=\"canonical\" href=\"https:\/\/www.bikotech.pl\/index.php\/konferencje-bikotech\/\" \/>\n<meta property=\"og:locale\" content=\"pl_PL\" \/>\n<meta property=\"og:type\" content=\"article\" \/>\n<meta property=\"og:title\" content=\"konferencje Bikotech | bikotech.pl\" \/>\n<meta property=\"og:description\" content=\"W przemy\u015ble spo\u017cywczym dzia\u0142amy od kilkunastu lat. Oto nasze aktualne projekty &nbsp; &nbsp; &nbsp; &nbsp; &nbsp; Wiosenne Warsztaty Sokownicze i Napojowe &nbsp;\" \/>\n<meta property=\"og:url\" content=\"https:\/\/www.bikotech.pl\/index.php\/konferencje-bikotech\/\" \/>\n<meta property=\"og:site_name\" content=\"bikotech.pl\" \/>\n<meta property=\"article:modified_time\" content=\"2025-07-08T13:41:02+00:00\" \/>\n<meta name=\"twitter:card\" content=\"summary_large_image\" \/>\n<meta name=\"twitter:label1\" content=\"Szacowany czas czytania\" \/>\n\t<meta name=\"twitter:data1\" content=\"1 minuta\" \/>\n<script type=\"application\/ld+json\" class=\"yoast-schema-graph\">{\"@context\":\"https:\/\/schema.org\",\"@graph\":[{\"@type\":\"WebPage\",\"@id\":\"https:\/\/www.bikotech.pl\/index.php\/konferencje-bikotech\/\",\"url\":\"https:\/\/www.bikotech.pl\/index.php\/konferencje-bikotech\/\",\"name\":\"konferencje Bikotech | bikotech.pl\",\"isPartOf\":{\"@id\":\"https:\/\/www.bikotech.pl\/#website\"},\"datePublished\":\"2025-07-08T07:45:07+00:00\",\"dateModified\":\"2025-07-08T13:41:02+00:00\",\"breadcrumb\":{\"@id\":\"https:\/\/www.bikotech.pl\/index.php\/konferencje-bikotech\/#breadcrumb\"},\"inLanguage\":\"pl-PL\",\"potentialAction\":[{\"@type\":\"ReadAction\",\"target\":[\"https:\/\/www.bikotech.pl\/index.php\/konferencje-bikotech\/\"]}]},{\"@type\":\"BreadcrumbList\",\"@id\":\"https:\/\/www.bikotech.pl\/index.php\/konferencje-bikotech\/#breadcrumb\",\"itemListElement\":[{\"@type\":\"ListItem\",\"position\":1,\"name\":\"Strona g\u0142\u00f3wna\",\"item\":\"https:\/\/www.bikotech.pl\/\"},{\"@type\":\"ListItem\",\"position\":2,\"name\":\"konferencje Bikotech\"}]},{\"@type\":\"WebSite\",\"@id\":\"https:\/\/www.bikotech.pl\/#website\",\"url\":\"https:\/\/www.bikotech.pl\/\",\"name\":\"bikotech.pl\",\"description\":\"Innowacje, \u015brodowisko, technologie  - prosto i z sensem o przemy\u015ble spo\u017cywczym\",\"potentialAction\":[{\"@type\":\"SearchAction\",\"target\":{\"@type\":\"EntryPoint\",\"urlTemplate\":\"https:\/\/www.bikotech.pl\/?s={search_term_string}\"},\"query-input\":\"required name=search_term_string\"}],\"inLanguage\":\"pl-PL\"}]}<\/script>\n<!-- \/ Yoast SEO plugin. -->","yoast_head_json":{"title":"konferencje Bikotech | bikotech.pl","robots":{"index":"index","follow":"follow","max-snippet":"max-snippet:-1","max-image-preview":"max-image-preview:large","max-video-preview":"max-video-preview:-1"},"canonical":"https:\/\/www.bikotech.pl\/index.php\/konferencje-bikotech\/","og_locale":"pl_PL","og_type":"article","og_title":"konferencje Bikotech | bikotech.pl","og_description":"W przemy\u015ble spo\u017cywczym dzia\u0142amy od kilkunastu lat. Oto nasze aktualne projekty &nbsp; &nbsp; &nbsp; &nbsp; &nbsp; Wiosenne Warsztaty Sokownicze i Napojowe &nbsp;","og_url":"https:\/\/www.bikotech.pl\/index.php\/konferencje-bikotech\/","og_site_name":"bikotech.pl","article_modified_time":"2025-07-08T13:41:02+00:00","twitter_card":"summary_large_image","twitter_misc":{"Szacowany czas czytania":"1 minuta"},"schema":{"@context":"https:\/\/schema.org","@graph":[{"@type":"WebPage","@id":"https:\/\/www.bikotech.pl\/index.php\/konferencje-bikotech\/","url":"https:\/\/www.bikotech.pl\/index.php\/konferencje-bikotech\/","name":"konferencje Bikotech | bikotech.pl","isPartOf":{"@id":"https:\/\/www.bikotech.pl\/#website"},"datePublished":"2025-07-08T07:45:07+00:00","dateModified":"2025-07-08T13:41:02+00:00","breadcrumb":{"@id":"https:\/\/www.bikotech.pl\/index.php\/konferencje-bikotech\/#breadcrumb"},"inLanguage":"pl-PL","potentialAction":[{"@type":"ReadAction","target":["https:\/\/www.bikotech.pl\/index.php\/konferencje-bikotech\/"]}]},{"@type":"BreadcrumbList","@id":"https:\/\/www.bikotech.pl\/index.php\/konferencje-bikotech\/#breadcrumb","itemListElement":[{"@type":"ListItem","position":1,"name":"Strona g\u0142\u00f3wna","item":"https:\/\/www.bikotech.pl\/"},{"@type":"ListItem","position":2,"name":"konferencje Bikotech"}]},{"@type":"WebSite","@id":"https:\/\/www.bikotech.pl\/#website","url":"https:\/\/www.bikotech.pl\/","name":"bikotech.pl","description":"Innowacje, \u015brodowisko, technologie  - prosto i z sensem o przemy\u015ble spo\u017cywczym","potentialAction":[{"@type":"SearchAction","target":{"@type":"EntryPoint","urlTemplate":"https:\/\/www.bikotech.pl\/?s={search_term_string}"},"query-input":"required name=search_term_string"}],"inLanguage":"pl-PL"}]}},"_links":{"self":[{"href":"https:\/\/www.bikotech.pl\/index.php\/wp-json\/wp\/v2\/pages\/26916","targetHints":{"allow":["GET"]}}],"collection":[{"href":"https:\/\/www.bikotech.pl\/index.php\/wp-json\/wp\/v2\/pages"}],"about":[{"href":"https:\/\/www.bikotech.pl\/index.php\/wp-json\/wp\/v2\/types\/page"}],"author":[{"embeddable":true,"href":"https:\/\/www.bikotech.pl\/index.php\/wp-json\/wp\/v2\/users\/2"}],"replies":[{"embeddable":true,"href":"https:\/\/www.bikotech.pl\/index.php\/wp-json\/wp\/v2\/comments?post=26916"}],"version-history":[{"count":5,"href":"https:\/\/www.bikotech.pl\/index.php\/wp-json\/wp\/v2\/pages\/26916\/revisions"}],"predecessor-version":[{"id":26963,"href":"https:\/\/www.bikotech.pl\/index.php\/wp-json\/wp\/v2\/pages\/26916\/revisions\/26963"}],"wp:attachment":[{"href":"https:\/\/www.bikotech.pl\/index.php\/wp-json\/wp\/v2\/media?parent=26916"}],"curies":[{"name":"wp","href":"https:\/\/api.w.org\/{rel}","templated":true}]}}