{"id":21789,"date":"2023-11-27T14:48:36","date_gmt":"2023-11-27T13:48:36","guid":{"rendered":"https:\/\/www.agroindustry.pl\/?page_id=21789"},"modified":"2026-03-09T09:03:25","modified_gmt":"2026-03-09T08:03:25","slug":"pet-food-tech","status":"publish","type":"page","link":"https:\/\/www.bikotech.pl\/index.php\/pet-food-tech\/","title":{"rendered":"Pet Food Tech (PTF)"},"content":{"rendered":"<p>Dynamicznie rozwijaj\u0105cy si\u0119 sektor produkcji karmy dla zwierz\u0105t towarzysz\u0105cych nie mia\u0142 bran\u017cowego spotkania. Sytuacja zmieni\u0142a si\u0119 w 2023 roku, kiedy Bikotech zorganizowa\u0142 pierwsz\u0105 edycj\u0119 specjalistycznego spotkania po\u015bwi\u0119conego wyzwaniom w produkcji pet food. W konferencji bior\u0105 udzia\u0142 dyrektorzy zak\u0142ad\u00f3w i szefowie techniki, specjali\u015bci R&amp;D, spece od surowca, opakowa\u0144 i dodatk\u00f3w.<\/p>\n<p>Tutaj relacja z czwartej edycji w Cz\u0119stochowie:<\/p>\n<blockquote class=\"wp-embedded-content\" data-secret=\"3vtqoMtrQX\"><p><a href=\"https:\/\/www.bikotech.pl\/index.php\/2026\/03\/09\/rynek-pet-food-rosnie-o-12-procent-relacja-z-pet-food-tech-2026\/\">Rynek pet food ro\u015bnie o 12 procent! \u2013 relacja z Pet Food Tech 2026<\/a><\/p><\/blockquote>\n<p><iframe loading=\"lazy\" class=\"wp-embedded-content\" sandbox=\"allow-scripts\" security=\"restricted\" style=\"position: absolute; visibility: hidden;\" title=\"&#8222;Rynek pet food ro\u015bnie o 12 procent! \u2013 relacja z Pet Food Tech 2026&#8221; &#8212; bikotech.pl\" src=\"https:\/\/www.bikotech.pl\/index.php\/2026\/03\/09\/rynek-pet-food-rosnie-o-12-procent-relacja-z-pet-food-tech-2026\/embed\/#?secret=CzYmzvkxY9#?secret=3vtqoMtrQX\" data-secret=\"3vtqoMtrQX\" width=\"600\" height=\"338\" frameborder=\"0\" marginwidth=\"0\" marginheight=\"0\" scrolling=\"no\"><\/iframe><\/p>\n<p>Trzecia edycja w Uniejowie<\/p>\n<blockquote class=\"wp-embedded-content\" data-secret=\"yugs9FQqO8\"><p><a href=\"https:\/\/www.bikotech.pl\/index.php\/2025\/03\/31\/pet-food-tech-2025\/\">Pet Food Tech (PFT) 2025 -relacja<\/a><\/p><\/blockquote>\n<p><iframe loading=\"lazy\" class=\"wp-embedded-content\" sandbox=\"allow-scripts\" security=\"restricted\" style=\"position: absolute; visibility: hidden;\" title=\"&#8222;Pet Food Tech (PFT) 2025 -relacja&#8221; &#8212; bikotech.pl\" src=\"https:\/\/www.bikotech.pl\/index.php\/2025\/03\/31\/pet-food-tech-2025\/embed\/#?secret=ecrVmfs3Am#?secret=yugs9FQqO8\" data-secret=\"yugs9FQqO8\" width=\"600\" height=\"338\" frameborder=\"0\" marginwidth=\"0\" marginheight=\"0\" scrolling=\"no\"><\/iframe><\/p>\n<p>&nbsp;<\/p>\n<p>Druga edycja mia\u0142a miejsce w Licheniu<\/p>\n<blockquote class=\"wp-embedded-content\" data-secret=\"oTg5n7aufx\"><p><a href=\"https:\/\/www.bikotech.pl\/index.php\/2024\/06\/12\/petfoodtech-2024-relacja\/\">II konferencja PetFoodTech 2024 (relacja)<\/a><\/p><\/blockquote>\n<p><iframe loading=\"lazy\" class=\"wp-embedded-content\" sandbox=\"allow-scripts\" security=\"restricted\" style=\"position: absolute; visibility: hidden;\" title=\"&#8222;II konferencja PetFoodTech 2024 (relacja)&#8221; &#8212; bikotech.pl\" src=\"https:\/\/www.bikotech.pl\/index.php\/2024\/06\/12\/petfoodtech-2024-relacja\/embed\/#?secret=Qj2xBizqUs#?secret=oTg5n7aufx\" data-secret=\"oTg5n7aufx\" width=\"600\" height=\"338\" frameborder=\"0\" marginwidth=\"0\" marginheight=\"0\" scrolling=\"no\"><\/iframe><\/p>\n<p>&nbsp;<\/p>\n<p>Pierwsza edycja konferencji Pet Food Tech 2023 odby\u0142a si\u0119 we Wroc\u0142awiu. Oto relacja z wydarzenia:<\/p>\n<blockquote class=\"wp-embedded-content\" data-secret=\"DQMXf2jQBh\"><p><a href=\"https:\/\/www.bikotech.pl\/index.php\/2023\/11\/27\/pet-food-tech-2023-relacja\/\">Pet Food Tech 2023 (relacja)<\/a><\/p><\/blockquote>\n<p><iframe loading=\"lazy\" class=\"wp-embedded-content\" sandbox=\"allow-scripts\" security=\"restricted\" style=\"position: absolute; visibility: hidden;\" title=\"&#8222;Pet Food Tech 2023 (relacja)&#8221; &#8212; bikotech.pl\" src=\"https:\/\/www.bikotech.pl\/index.php\/2023\/11\/27\/pet-food-tech-2023-relacja\/embed\/#?secret=R3aJWQke3G#?secret=DQMXf2jQBh\" data-secret=\"DQMXf2jQBh\" width=\"600\" height=\"338\" frameborder=\"0\" marginwidth=\"0\" marginheight=\"0\" scrolling=\"no\"><\/iframe><\/p>\n","protected":false},"excerpt":{"rendered":"<p>Dynamicznie rozwijaj\u0105cy si\u0119 sektor produkcji karmy dla zwierz\u0105t towarzysz\u0105cych nie mia\u0142 bran\u017cowego spotkania. Sytuacja zmieni\u0142a si\u0119 w 2023 roku, kiedy Bikotech zorganizowa\u0142 pierwsz\u0105 edycj\u0119 specjalistycznego spotkania po\u015bwi\u0119conego wyzwaniom w produkcji pet food. W konferencji bior\u0105 udzia\u0142 dyrektorzy zak\u0142ad\u00f3w i szefowie techniki, specjali\u015bci R&amp;D, spece od surowca, opakowa\u0144 i dodatk\u00f3w. Tutaj relacja z czwartej edycji w [&hellip;]<\/p>\n","protected":false},"author":2,"featured_media":28514,"parent":0,"menu_order":0,"comment_status":"closed","ping_status":"closed","template":"","meta":{"footnotes":""},"class_list":["post-21789","page","type-page","status-publish","has-post-thumbnail","hentry"],"yoast_head":"<!-- This site is optimized with the Yoast SEO plugin v20.2.1 - https:\/\/yoast.com\/wordpress\/plugins\/seo\/ -->\n<title>Pet Food Tech (PTF) | bikotech.pl<\/title>\n<meta name=\"robots\" content=\"index, follow, max-snippet:-1, max-image-preview:large, max-video-preview:-1\" \/>\n<link rel=\"canonical\" href=\"https:\/\/www.bikotech.pl\/index.php\/pet-food-tech\/\" \/>\n<meta property=\"og:locale\" content=\"pl_PL\" \/>\n<meta property=\"og:type\" content=\"article\" \/>\n<meta property=\"og:title\" content=\"Pet Food Tech (PTF) | bikotech.pl\" \/>\n<meta property=\"og:description\" content=\"Dynamicznie rozwijaj\u0105cy si\u0119 sektor produkcji karmy dla zwierz\u0105t towarzysz\u0105cych nie mia\u0142 bran\u017cowego spotkania. Sytuacja zmieni\u0142a si\u0119 w 2023 roku, kiedy Bikotech zorganizowa\u0142 pierwsz\u0105 edycj\u0119 specjalistycznego spotkania po\u015bwi\u0119conego wyzwaniom w produkcji pet food. W konferencji bior\u0105 udzia\u0142 dyrektorzy zak\u0142ad\u00f3w i szefowie techniki, specjali\u015bci R&amp;D, spece od surowca, opakowa\u0144 i dodatk\u00f3w. Tutaj relacja z czwartej edycji w [&hellip;]\" \/>\n<meta property=\"og:url\" content=\"https:\/\/www.bikotech.pl\/index.php\/pet-food-tech\/\" \/>\n<meta property=\"og:site_name\" content=\"bikotech.pl\" \/>\n<meta property=\"article:modified_time\" content=\"2026-03-09T08:03:25+00:00\" \/>\n<meta property=\"og:image\" content=\"https:\/\/www.bikotech.pl\/wp-content\/uploads\/2025\/10\/grafiki-do-agro.png\" \/>\n\t<meta property=\"og:image:width\" content=\"1748\" \/>\n\t<meta property=\"og:image:height\" content=\"1240\" \/>\n\t<meta property=\"og:image:type\" content=\"image\/png\" \/>\n<meta name=\"twitter:card\" content=\"summary_large_image\" \/>\n<meta name=\"twitter:label1\" content=\"Szacowany czas czytania\" \/>\n\t<meta name=\"twitter:data1\" content=\"1 minuta\" \/>\n<script type=\"application\/ld+json\" class=\"yoast-schema-graph\">{\"@context\":\"https:\/\/schema.org\",\"@graph\":[{\"@type\":\"WebPage\",\"@id\":\"https:\/\/www.bikotech.pl\/index.php\/pet-food-tech\/\",\"url\":\"https:\/\/www.bikotech.pl\/index.php\/pet-food-tech\/\",\"name\":\"Pet Food Tech (PTF) | bikotech.pl\",\"isPartOf\":{\"@id\":\"https:\/\/www.bikotech.pl\/#website\"},\"datePublished\":\"2023-11-27T13:48:36+00:00\",\"dateModified\":\"2026-03-09T08:03:25+00:00\",\"breadcrumb\":{\"@id\":\"https:\/\/www.bikotech.pl\/index.php\/pet-food-tech\/#breadcrumb\"},\"inLanguage\":\"pl-PL\",\"potentialAction\":[{\"@type\":\"ReadAction\",\"target\":[\"https:\/\/www.bikotech.pl\/index.php\/pet-food-tech\/\"]}]},{\"@type\":\"BreadcrumbList\",\"@id\":\"https:\/\/www.bikotech.pl\/index.php\/pet-food-tech\/#breadcrumb\",\"itemListElement\":[{\"@type\":\"ListItem\",\"position\":1,\"name\":\"Strona g\u0142\u00f3wna\",\"item\":\"https:\/\/www.bikotech.pl\/\"},{\"@type\":\"ListItem\",\"position\":2,\"name\":\"Pet Food Tech (PTF)\"}]},{\"@type\":\"WebSite\",\"@id\":\"https:\/\/www.bikotech.pl\/#website\",\"url\":\"https:\/\/www.bikotech.pl\/\",\"name\":\"bikotech.pl\",\"description\":\"Innowacje, \u015brodowisko, technologie  - prosto i z sensem o przemy\u015ble spo\u017cywczym\",\"potentialAction\":[{\"@type\":\"SearchAction\",\"target\":{\"@type\":\"EntryPoint\",\"urlTemplate\":\"https:\/\/www.bikotech.pl\/?s={search_term_string}\"},\"query-input\":\"required name=search_term_string\"}],\"inLanguage\":\"pl-PL\"}]}<\/script>\n<!-- \/ Yoast SEO plugin. -->","yoast_head_json":{"title":"Pet Food Tech (PTF) | bikotech.pl","robots":{"index":"index","follow":"follow","max-snippet":"max-snippet:-1","max-image-preview":"max-image-preview:large","max-video-preview":"max-video-preview:-1"},"canonical":"https:\/\/www.bikotech.pl\/index.php\/pet-food-tech\/","og_locale":"pl_PL","og_type":"article","og_title":"Pet Food Tech (PTF) | bikotech.pl","og_description":"Dynamicznie rozwijaj\u0105cy si\u0119 sektor produkcji karmy dla zwierz\u0105t towarzysz\u0105cych nie mia\u0142 bran\u017cowego spotkania. Sytuacja zmieni\u0142a si\u0119 w 2023 roku, kiedy Bikotech zorganizowa\u0142 pierwsz\u0105 edycj\u0119 specjalistycznego spotkania po\u015bwi\u0119conego wyzwaniom w produkcji pet food. W konferencji bior\u0105 udzia\u0142 dyrektorzy zak\u0142ad\u00f3w i szefowie techniki, specjali\u015bci R&amp;D, spece od surowca, opakowa\u0144 i dodatk\u00f3w. Tutaj relacja z czwartej edycji w [&hellip;]","og_url":"https:\/\/www.bikotech.pl\/index.php\/pet-food-tech\/","og_site_name":"bikotech.pl","article_modified_time":"2026-03-09T08:03:25+00:00","og_image":[{"width":1748,"height":1240,"url":"https:\/\/www.bikotech.pl\/wp-content\/uploads\/2025\/10\/grafiki-do-agro.png","type":"image\/png"}],"twitter_card":"summary_large_image","twitter_misc":{"Szacowany czas czytania":"1 minuta"},"schema":{"@context":"https:\/\/schema.org","@graph":[{"@type":"WebPage","@id":"https:\/\/www.bikotech.pl\/index.php\/pet-food-tech\/","url":"https:\/\/www.bikotech.pl\/index.php\/pet-food-tech\/","name":"Pet Food Tech (PTF) | bikotech.pl","isPartOf":{"@id":"https:\/\/www.bikotech.pl\/#website"},"datePublished":"2023-11-27T13:48:36+00:00","dateModified":"2026-03-09T08:03:25+00:00","breadcrumb":{"@id":"https:\/\/www.bikotech.pl\/index.php\/pet-food-tech\/#breadcrumb"},"inLanguage":"pl-PL","potentialAction":[{"@type":"ReadAction","target":["https:\/\/www.bikotech.pl\/index.php\/pet-food-tech\/"]}]},{"@type":"BreadcrumbList","@id":"https:\/\/www.bikotech.pl\/index.php\/pet-food-tech\/#breadcrumb","itemListElement":[{"@type":"ListItem","position":1,"name":"Strona g\u0142\u00f3wna","item":"https:\/\/www.bikotech.pl\/"},{"@type":"ListItem","position":2,"name":"Pet Food Tech (PTF)"}]},{"@type":"WebSite","@id":"https:\/\/www.bikotech.pl\/#website","url":"https:\/\/www.bikotech.pl\/","name":"bikotech.pl","description":"Innowacje, \u015brodowisko, technologie  - prosto i z sensem o przemy\u015ble spo\u017cywczym","potentialAction":[{"@type":"SearchAction","target":{"@type":"EntryPoint","urlTemplate":"https:\/\/www.bikotech.pl\/?s={search_term_string}"},"query-input":"required name=search_term_string"}],"inLanguage":"pl-PL"}]}},"_links":{"self":[{"href":"https:\/\/www.bikotech.pl\/index.php\/wp-json\/wp\/v2\/pages\/21789","targetHints":{"allow":["GET"]}}],"collection":[{"href":"https:\/\/www.bikotech.pl\/index.php\/wp-json\/wp\/v2\/pages"}],"about":[{"href":"https:\/\/www.bikotech.pl\/index.php\/wp-json\/wp\/v2\/types\/page"}],"author":[{"embeddable":true,"href":"https:\/\/www.bikotech.pl\/index.php\/wp-json\/wp\/v2\/users\/2"}],"replies":[{"embeddable":true,"href":"https:\/\/www.bikotech.pl\/index.php\/wp-json\/wp\/v2\/comments?post=21789"}],"version-history":[{"count":11,"href":"https:\/\/www.bikotech.pl\/index.php\/wp-json\/wp\/v2\/pages\/21789\/revisions"}],"predecessor-version":[{"id":29976,"href":"https:\/\/www.bikotech.pl\/index.php\/wp-json\/wp\/v2\/pages\/21789\/revisions\/29976"}],"wp:featuredmedia":[{"embeddable":true,"href":"https:\/\/www.bikotech.pl\/index.php\/wp-json\/wp\/v2\/media\/28514"}],"wp:attachment":[{"href":"https:\/\/www.bikotech.pl\/index.php\/wp-json\/wp\/v2\/media?parent=21789"}],"curies":[{"name":"wp","href":"https:\/\/api.w.org\/{rel}","templated":true}]}}