{"id":18573,"date":"2022-12-05T14:20:14","date_gmt":"2022-12-05T13:20:14","guid":{"rendered":"https:\/\/www.agroindustry.pl\/?page_id=18573"},"modified":"2025-07-08T12:54:28","modified_gmt":"2025-07-08T10:54:28","slug":"wiosenne-warsztaty-piwowarskie","status":"publish","type":"page","link":"https:\/\/www.bikotech.pl\/index.php\/wiosenne-warsztaty-piwowarskie\/","title":{"rendered":"Wiosenne Warsztaty Piwowarskie (WWP)"},"content":{"rendered":"\r\n<figure class=\"wp-block-embed-wordpress wp-block-embed is-type-wp-embed is-provider-agroindustry-pl\">\r\n<div>Celem Warsztat\u00f3w jest prezentacja piwowarskich nowo\u015bci, rynku i nowych technologii w poszerzonej formie. W warsztatach udzia\u0142 bierze kilkadziesi\u0105t os\u00f3b, zar\u00f3wno z du\u017cych jak i ma\u0142ych browar\u00f3w.<\/div>\r\n<\/figure>\r\n<div>\u00a0<\/div>\r\n<figure class=\"wp-block-embed-wordpress wp-block-embed is-type-wp-embed is-provider-agroindustry-pl\">\r\n<div>\r\n<p><blockquote class=\"wp-embedded-content\" data-secret=\"5x9ECVuzUz\"><a href=\"https:\/\/www.bikotech.pl\/index.php\/2025\/03\/26\/wiosenne-warsztaty-piwowarskie-2025\/\">Wiosenne Warsztaty Piwowarskie (WWP) 2025 &#8211; relacja<\/a><\/blockquote><iframe loading=\"lazy\" class=\"wp-embedded-content\" sandbox=\"allow-scripts\" security=\"restricted\" style=\"position: absolute; visibility: hidden;\" title=\"&#8222;Wiosenne Warsztaty Piwowarskie (WWP) 2025 &#8211; relacja&#8221; &#8212; bikotech.pl\" src=\"https:\/\/www.bikotech.pl\/index.php\/2025\/03\/26\/wiosenne-warsztaty-piwowarskie-2025\/embed\/#?secret=AlAGjb238J#?secret=5x9ECVuzUz\" data-secret=\"5x9ECVuzUz\" width=\"600\" height=\"338\" frameborder=\"0\" marginwidth=\"0\" marginheight=\"0\" scrolling=\"no\"><\/iframe><\/p>\r\n<\/div>\r\n<div>edycja 2023:<\/div>\r\n<div class=\"wp-block-embed__wrapper\">\u00a0<\/div>\r\n<\/figure>\r\n<div>\u00a0<\/div>\r\n","protected":false},"excerpt":{"rendered":"","protected":false},"author":2,"featured_media":26957,"parent":0,"menu_order":0,"comment_status":"closed","ping_status":"closed","template":"","meta":{"footnotes":""},"class_list":["post-18573","page","type-page","status-publish","has-post-thumbnail","hentry"],"yoast_head":"<!-- This site is optimized with the Yoast SEO plugin v20.2.1 - https:\/\/yoast.com\/wordpress\/plugins\/seo\/ -->\n<title>Wiosenne Warsztaty Piwowarskie (WWP) | bikotech.pl<\/title>\n<meta name=\"robots\" content=\"index, follow, max-snippet:-1, max-image-preview:large, max-video-preview:-1\" \/>\n<link rel=\"canonical\" href=\"https:\/\/www.bikotech.pl\/index.php\/wiosenne-warsztaty-piwowarskie\/\" \/>\n<meta property=\"og:locale\" content=\"pl_PL\" \/>\n<meta property=\"og:type\" content=\"article\" \/>\n<meta property=\"og:title\" content=\"Wiosenne Warsztaty Piwowarskie (WWP) | bikotech.pl\" \/>\n<meta property=\"og:url\" content=\"https:\/\/www.bikotech.pl\/index.php\/wiosenne-warsztaty-piwowarskie\/\" \/>\n<meta property=\"og:site_name\" content=\"bikotech.pl\" \/>\n<meta property=\"article:modified_time\" content=\"2025-07-08T10:54:28+00:00\" \/>\n<meta property=\"og:image\" content=\"https:\/\/www.bikotech.pl\/wp-content\/uploads\/2025\/07\/wwp.png\" \/>\n\t<meta property=\"og:image:width\" content=\"1748\" \/>\n\t<meta property=\"og:image:height\" content=\"1240\" \/>\n\t<meta property=\"og:image:type\" content=\"image\/png\" \/>\n<meta name=\"twitter:card\" content=\"summary_large_image\" \/>\n<meta name=\"twitter:label1\" content=\"Szacowany czas czytania\" \/>\n\t<meta name=\"twitter:data1\" content=\"1 minuta\" \/>\n<script type=\"application\/ld+json\" class=\"yoast-schema-graph\">{\"@context\":\"https:\/\/schema.org\",\"@graph\":[{\"@type\":\"WebPage\",\"@id\":\"https:\/\/www.bikotech.pl\/index.php\/wiosenne-warsztaty-piwowarskie\/\",\"url\":\"https:\/\/www.bikotech.pl\/index.php\/wiosenne-warsztaty-piwowarskie\/\",\"name\":\"Wiosenne Warsztaty Piwowarskie (WWP) | bikotech.pl\",\"isPartOf\":{\"@id\":\"https:\/\/www.bikotech.pl\/#website\"},\"datePublished\":\"2022-12-05T13:20:14+00:00\",\"dateModified\":\"2025-07-08T10:54:28+00:00\",\"breadcrumb\":{\"@id\":\"https:\/\/www.bikotech.pl\/index.php\/wiosenne-warsztaty-piwowarskie\/#breadcrumb\"},\"inLanguage\":\"pl-PL\",\"potentialAction\":[{\"@type\":\"ReadAction\",\"target\":[\"https:\/\/www.bikotech.pl\/index.php\/wiosenne-warsztaty-piwowarskie\/\"]}]},{\"@type\":\"BreadcrumbList\",\"@id\":\"https:\/\/www.bikotech.pl\/index.php\/wiosenne-warsztaty-piwowarskie\/#breadcrumb\",\"itemListElement\":[{\"@type\":\"ListItem\",\"position\":1,\"name\":\"Strona g\u0142\u00f3wna\",\"item\":\"https:\/\/www.bikotech.pl\/\"},{\"@type\":\"ListItem\",\"position\":2,\"name\":\"Wiosenne Warsztaty Piwowarskie (WWP)\"}]},{\"@type\":\"WebSite\",\"@id\":\"https:\/\/www.bikotech.pl\/#website\",\"url\":\"https:\/\/www.bikotech.pl\/\",\"name\":\"bikotech.pl\",\"description\":\"Innowacje, \u015brodowisko, technologie  - prosto i z sensem o przemy\u015ble spo\u017cywczym\",\"potentialAction\":[{\"@type\":\"SearchAction\",\"target\":{\"@type\":\"EntryPoint\",\"urlTemplate\":\"https:\/\/www.bikotech.pl\/?s={search_term_string}\"},\"query-input\":\"required name=search_term_string\"}],\"inLanguage\":\"pl-PL\"}]}<\/script>\n<!-- \/ Yoast SEO plugin. -->","yoast_head_json":{"title":"Wiosenne Warsztaty Piwowarskie (WWP) | bikotech.pl","robots":{"index":"index","follow":"follow","max-snippet":"max-snippet:-1","max-image-preview":"max-image-preview:large","max-video-preview":"max-video-preview:-1"},"canonical":"https:\/\/www.bikotech.pl\/index.php\/wiosenne-warsztaty-piwowarskie\/","og_locale":"pl_PL","og_type":"article","og_title":"Wiosenne Warsztaty Piwowarskie (WWP) | bikotech.pl","og_url":"https:\/\/www.bikotech.pl\/index.php\/wiosenne-warsztaty-piwowarskie\/","og_site_name":"bikotech.pl","article_modified_time":"2025-07-08T10:54:28+00:00","og_image":[{"width":1748,"height":1240,"url":"https:\/\/www.bikotech.pl\/wp-content\/uploads\/2025\/07\/wwp.png","type":"image\/png"}],"twitter_card":"summary_large_image","twitter_misc":{"Szacowany czas czytania":"1 minuta"},"schema":{"@context":"https:\/\/schema.org","@graph":[{"@type":"WebPage","@id":"https:\/\/www.bikotech.pl\/index.php\/wiosenne-warsztaty-piwowarskie\/","url":"https:\/\/www.bikotech.pl\/index.php\/wiosenne-warsztaty-piwowarskie\/","name":"Wiosenne Warsztaty Piwowarskie (WWP) | bikotech.pl","isPartOf":{"@id":"https:\/\/www.bikotech.pl\/#website"},"datePublished":"2022-12-05T13:20:14+00:00","dateModified":"2025-07-08T10:54:28+00:00","breadcrumb":{"@id":"https:\/\/www.bikotech.pl\/index.php\/wiosenne-warsztaty-piwowarskie\/#breadcrumb"},"inLanguage":"pl-PL","potentialAction":[{"@type":"ReadAction","target":["https:\/\/www.bikotech.pl\/index.php\/wiosenne-warsztaty-piwowarskie\/"]}]},{"@type":"BreadcrumbList","@id":"https:\/\/www.bikotech.pl\/index.php\/wiosenne-warsztaty-piwowarskie\/#breadcrumb","itemListElement":[{"@type":"ListItem","position":1,"name":"Strona g\u0142\u00f3wna","item":"https:\/\/www.bikotech.pl\/"},{"@type":"ListItem","position":2,"name":"Wiosenne Warsztaty Piwowarskie (WWP)"}]},{"@type":"WebSite","@id":"https:\/\/www.bikotech.pl\/#website","url":"https:\/\/www.bikotech.pl\/","name":"bikotech.pl","description":"Innowacje, \u015brodowisko, technologie  - prosto i z sensem o przemy\u015ble spo\u017cywczym","potentialAction":[{"@type":"SearchAction","target":{"@type":"EntryPoint","urlTemplate":"https:\/\/www.bikotech.pl\/?s={search_term_string}"},"query-input":"required name=search_term_string"}],"inLanguage":"pl-PL"}]}},"_links":{"self":[{"href":"https:\/\/www.bikotech.pl\/index.php\/wp-json\/wp\/v2\/pages\/18573","targetHints":{"allow":["GET"]}}],"collection":[{"href":"https:\/\/www.bikotech.pl\/index.php\/wp-json\/wp\/v2\/pages"}],"about":[{"href":"https:\/\/www.bikotech.pl\/index.php\/wp-json\/wp\/v2\/types\/page"}],"author":[{"embeddable":true,"href":"https:\/\/www.bikotech.pl\/index.php\/wp-json\/wp\/v2\/users\/2"}],"replies":[{"embeddable":true,"href":"https:\/\/www.bikotech.pl\/index.php\/wp-json\/wp\/v2\/comments?post=18573"}],"version-history":[{"count":5,"href":"https:\/\/www.bikotech.pl\/index.php\/wp-json\/wp\/v2\/pages\/18573\/revisions"}],"predecessor-version":[{"id":26958,"href":"https:\/\/www.bikotech.pl\/index.php\/wp-json\/wp\/v2\/pages\/18573\/revisions\/26958"}],"wp:featuredmedia":[{"embeddable":true,"href":"https:\/\/www.bikotech.pl\/index.php\/wp-json\/wp\/v2\/media\/26957"}],"wp:attachment":[{"href":"https:\/\/www.bikotech.pl\/index.php\/wp-json\/wp\/v2\/media?parent=18573"}],"curies":[{"name":"wp","href":"https:\/\/api.w.org\/{rel}","templated":true}]}}