{"id":16187,"date":"2022-03-28T13:03:06","date_gmt":"2022-03-28T11:03:06","guid":{"rendered":"https:\/\/www.agroindustry.pl\/?page_id=16187"},"modified":"2022-03-28T13:22:57","modified_gmt":"2022-03-28T11:22:57","slug":"piwna-osobowosc","status":"publish","type":"page","link":"https:\/\/www.bikotech.pl\/index.php\/piwna-osobowosc\/","title":{"rendered":"PIWNA OSOBOWOSC"},"content":{"rendered":"\n<div class=\"wp-block-image\"><figure class=\"aligncenter size-large is-resized\"><img loading=\"lazy\" decoding=\"async\" src=\"https:\/\/www.bikotech.pl\/wp-content\/uploads\/2022\/03\/piwna_osobowosc.jpg\" alt=\"\" class=\"wp-image-16195\" width=\"290\" height=\"387\" srcset=\"https:\/\/www.bikotech.pl\/wp-content\/uploads\/2022\/03\/piwna_osobowosc.jpg 759w, https:\/\/www.bikotech.pl\/wp-content\/uploads\/2022\/03\/piwna_osobowosc-224x300.jpg 224w, https:\/\/www.bikotech.pl\/wp-content\/uploads\/2022\/03\/piwna_osobowosc-112x150.jpg 112w\" sizes=\"auto, (max-width: 290px) 100vw, 290px\" \/><\/figure><\/div>\n\n\n\n<p><\/p>\n\n\n\n<p>Honorowy tytu\u0142 PIWNA OSOBOWOSC to idea, aby wyr\u00f3\u017cni\u0107, podkre\u015bli\u0107 i uhonorowa\u0107 wyj\u0105tkowe osoby, kt\u00f3re z bran\u017c\u0105 piwowarsk\u0105 zwi\u0105zane s\u0105 w r\u00f3\u017cnoraki spos\u00f3b.<\/p>\n\n\n\n<p>Wszystkich czytelnik\u00f3w prosimy o sugestie i propozycje &#8211; by\u0107 mo\u017ce w Waszym \u015brodowisku jest kto\u015b, kto powinien taki tytu\u0142 otrzyma\u0107!<\/p>\n\n\n\n<p>Nasi laureaci:<\/p>\n\n\n\n<div class=\"wp-block-image\"><figure class=\"aligncenter size-large is-resized\"><img loading=\"lazy\" decoding=\"async\" src=\"https:\/\/www.bikotech.pl\/wp-content\/uploads\/2022\/03\/kawa-779x1024.jpg\" alt=\"\" class=\"wp-image-16190\" width=\"321\" height=\"421\" srcset=\"https:\/\/www.bikotech.pl\/wp-content\/uploads\/2022\/03\/kawa-779x1024.jpg 779w, https:\/\/www.bikotech.pl\/wp-content\/uploads\/2022\/03\/kawa-228x300.jpg 228w, https:\/\/www.bikotech.pl\/wp-content\/uploads\/2022\/03\/kawa-768x1010.jpg 768w, https:\/\/www.bikotech.pl\/wp-content\/uploads\/2022\/03\/kawa-114x150.jpg 114w, https:\/\/www.bikotech.pl\/wp-content\/uploads\/2022\/03\/kawa.jpg 939w\" sizes=\"auto, (max-width: 321px) 100vw, 321px\" \/><\/figure><\/div>\n\n\n\n<p><\/p>\n\n\n\n<div class=\"wp-block-image\"><figure class=\"aligncenter size-large is-resized\"><img loading=\"lazy\" decoding=\"async\" src=\"https:\/\/www.bikotech.pl\/wp-content\/uploads\/2022\/03\/michalowska-784x1024.jpg\" alt=\"\" class=\"wp-image-16191\" width=\"324\" height=\"422\" srcset=\"https:\/\/www.bikotech.pl\/wp-content\/uploads\/2022\/03\/michalowska-784x1024.jpg 784w, https:\/\/www.bikotech.pl\/wp-content\/uploads\/2022\/03\/michalowska-230x300.jpg 230w, https:\/\/www.bikotech.pl\/wp-content\/uploads\/2022\/03\/michalowska-768x1003.jpg 768w, https:\/\/www.bikotech.pl\/wp-content\/uploads\/2022\/03\/michalowska-115x150.jpg 115w, https:\/\/www.bikotech.pl\/wp-content\/uploads\/2022\/03\/michalowska.jpg 935w\" sizes=\"auto, (max-width: 324px) 100vw, 324px\" \/><\/figure><\/div>\n\n\n\n<div class=\"wp-block-image\"><figure class=\"aligncenter size-large is-resized\"><img loading=\"lazy\" decoding=\"async\" src=\"https:\/\/www.bikotech.pl\/wp-content\/uploads\/2022\/03\/poreda-776x1024.jpg\" alt=\"\" class=\"wp-image-16189\" width=\"322\" height=\"424\" srcset=\"https:\/\/www.bikotech.pl\/wp-content\/uploads\/2022\/03\/poreda-776x1024.jpg 776w, https:\/\/www.bikotech.pl\/wp-content\/uploads\/2022\/03\/poreda-227x300.jpg 227w, https:\/\/www.bikotech.pl\/wp-content\/uploads\/2022\/03\/poreda-768x1013.jpg 768w, https:\/\/www.bikotech.pl\/wp-content\/uploads\/2022\/03\/poreda-114x150.jpg 114w, https:\/\/www.bikotech.pl\/wp-content\/uploads\/2022\/03\/poreda.jpg 921w\" sizes=\"auto, (max-width: 322px) 100vw, 322px\" \/><\/figure><\/div>\n\n\n\n<p>Dlaczego my?<\/p>\n\n\n\n<p>AGROindustry, zarejestrowane w styczniu 2011 roku, ma ju\u017c ponad dekad\u0119 do\u015bwiadcze\u0144 w bran\u017cy piwowarskiej. Ola Wojnarowska &#8211; redaktor naczelna, ma sta\u017c o wiele d\u0142u\u017cszy (nie wnikajmy, bo kobiet si\u0119 o wiek przecie\u017c nie pyta \ud83d\ude09 Cz\u0142onkowie naszej redakcji pami\u0119taj\u0105 pracuj\u0105cy Browar Belgia, Nico Nusmaiera jako prezesa Grupy \u017bywiec oraz Andrzeja Sadownika, pr\u00f3buj\u0105cego zainteresowa\u0107 wszystkich ide\u0105 domowego browarnictwa. Jednym s\u0142owem: troch\u0119 prze\u017cyli\u015bmy.<\/p>\n","protected":false},"excerpt":{"rendered":"<p>Honorowy tytu\u0142 PIWNA OSOBOWOSC to idea, aby wyr\u00f3\u017cni\u0107, podkre\u015bli\u0107 i uhonorowa\u0107 wyj\u0105tkowe osoby, kt\u00f3re z bran\u017c\u0105 piwowarsk\u0105 zwi\u0105zane s\u0105 w r\u00f3\u017cnoraki spos\u00f3b. Wszystkich czytelnik\u00f3w prosimy o sugestie i propozycje &#8211; by\u0107 mo\u017ce w Waszym \u015brodowisku jest kto\u015b, kto powinien taki tytu\u0142 otrzyma\u0107! Nasi laureaci: Dlaczego my? AGROindustry, zarejestrowane w styczniu 2011 roku, ma ju\u017c ponad [&hellip;]<\/p>\n","protected":false},"author":2,"featured_media":0,"parent":0,"menu_order":0,"comment_status":"closed","ping_status":"closed","template":"","meta":{"footnotes":""},"class_list":["post-16187","page","type-page","status-publish","hentry"],"yoast_head":"<!-- This site is optimized with the Yoast SEO plugin v20.2.1 - https:\/\/yoast.com\/wordpress\/plugins\/seo\/ -->\n<title>PIWNA OSOBOWOSC | bikotech.pl<\/title>\n<meta name=\"description\" content=\"Honorowy tytu\u0142 PIWNA OSOBOWOSC to idea, aby wyr\u00f3\u017cni\u0107, podkre\u015bli\u0107 i uhonorowa\u0107 wyj\u0105tkowe osoby, kt\u00f3re z bran\u017c\u0105 piwowarsk\u0105 zwi\u0105zane s\u0105 w r\u00f3\u017cnoraki spos\u00f3b.\" \/>\n<meta name=\"robots\" content=\"index, follow, max-snippet:-1, max-image-preview:large, max-video-preview:-1\" \/>\n<link rel=\"canonical\" href=\"https:\/\/www.bikotech.pl\/index.php\/piwna-osobowosc\/\" \/>\n<meta property=\"og:locale\" content=\"pl_PL\" \/>\n<meta property=\"og:type\" content=\"article\" \/>\n<meta property=\"og:title\" content=\"PIWNA OSOBOWOSC | bikotech.pl\" \/>\n<meta property=\"og:description\" content=\"Honorowy tytu\u0142 PIWNA OSOBOWOSC to idea, aby wyr\u00f3\u017cni\u0107, podkre\u015bli\u0107 i uhonorowa\u0107 wyj\u0105tkowe osoby, kt\u00f3re z bran\u017c\u0105 piwowarsk\u0105 zwi\u0105zane s\u0105 w r\u00f3\u017cnoraki spos\u00f3b.\" \/>\n<meta property=\"og:url\" content=\"https:\/\/www.bikotech.pl\/index.php\/piwna-osobowosc\/\" \/>\n<meta property=\"og:site_name\" content=\"bikotech.pl\" \/>\n<meta property=\"article:modified_time\" content=\"2022-03-28T11:22:57+00:00\" \/>\n<meta property=\"og:image\" content=\"https:\/\/www.bikotech.pl\/wp-content\/uploads\/2022\/03\/piwna_osobowosc.jpg\" \/>\n<meta name=\"twitter:card\" content=\"summary_large_image\" \/>\n<meta name=\"twitter:label1\" content=\"Szacowany czas czytania\" \/>\n\t<meta name=\"twitter:data1\" content=\"1 minuta\" \/>\n<script type=\"application\/ld+json\" class=\"yoast-schema-graph\">{\"@context\":\"https:\/\/schema.org\",\"@graph\":[{\"@type\":\"WebPage\",\"@id\":\"https:\/\/www.bikotech.pl\/index.php\/piwna-osobowosc\/\",\"url\":\"https:\/\/www.bikotech.pl\/index.php\/piwna-osobowosc\/\",\"name\":\"PIWNA OSOBOWOSC | bikotech.pl\",\"isPartOf\":{\"@id\":\"https:\/\/www.bikotech.pl\/#website\"},\"datePublished\":\"2022-03-28T11:03:06+00:00\",\"dateModified\":\"2022-03-28T11:22:57+00:00\",\"description\":\"Honorowy tytu\u0142 PIWNA OSOBOWOSC to idea, aby wyr\u00f3\u017cni\u0107, podkre\u015bli\u0107 i uhonorowa\u0107 wyj\u0105tkowe osoby, kt\u00f3re z bran\u017c\u0105 piwowarsk\u0105 zwi\u0105zane s\u0105 w r\u00f3\u017cnoraki spos\u00f3b.\",\"breadcrumb\":{\"@id\":\"https:\/\/www.bikotech.pl\/index.php\/piwna-osobowosc\/#breadcrumb\"},\"inLanguage\":\"pl-PL\",\"potentialAction\":[{\"@type\":\"ReadAction\",\"target\":[\"https:\/\/www.bikotech.pl\/index.php\/piwna-osobowosc\/\"]}]},{\"@type\":\"BreadcrumbList\",\"@id\":\"https:\/\/www.bikotech.pl\/index.php\/piwna-osobowosc\/#breadcrumb\",\"itemListElement\":[{\"@type\":\"ListItem\",\"position\":1,\"name\":\"Strona g\u0142\u00f3wna\",\"item\":\"https:\/\/www.bikotech.pl\/\"},{\"@type\":\"ListItem\",\"position\":2,\"name\":\"PIWNA OSOBOWOSC\"}]},{\"@type\":\"WebSite\",\"@id\":\"https:\/\/www.bikotech.pl\/#website\",\"url\":\"https:\/\/www.bikotech.pl\/\",\"name\":\"bikotech.pl\",\"description\":\"Innowacje, \u015brodowisko, technologie  - prosto i z sensem o przemy\u015ble spo\u017cywczym\",\"potentialAction\":[{\"@type\":\"SearchAction\",\"target\":{\"@type\":\"EntryPoint\",\"urlTemplate\":\"https:\/\/www.bikotech.pl\/?s={search_term_string}\"},\"query-input\":\"required name=search_term_string\"}],\"inLanguage\":\"pl-PL\"}]}<\/script>\n<!-- \/ Yoast SEO plugin. -->","yoast_head_json":{"title":"PIWNA OSOBOWOSC | bikotech.pl","description":"Honorowy tytu\u0142 PIWNA OSOBOWOSC to idea, aby wyr\u00f3\u017cni\u0107, podkre\u015bli\u0107 i uhonorowa\u0107 wyj\u0105tkowe osoby, kt\u00f3re z bran\u017c\u0105 piwowarsk\u0105 zwi\u0105zane s\u0105 w r\u00f3\u017cnoraki spos\u00f3b.","robots":{"index":"index","follow":"follow","max-snippet":"max-snippet:-1","max-image-preview":"max-image-preview:large","max-video-preview":"max-video-preview:-1"},"canonical":"https:\/\/www.bikotech.pl\/index.php\/piwna-osobowosc\/","og_locale":"pl_PL","og_type":"article","og_title":"PIWNA OSOBOWOSC | bikotech.pl","og_description":"Honorowy tytu\u0142 PIWNA OSOBOWOSC to idea, aby wyr\u00f3\u017cni\u0107, podkre\u015bli\u0107 i uhonorowa\u0107 wyj\u0105tkowe osoby, kt\u00f3re z bran\u017c\u0105 piwowarsk\u0105 zwi\u0105zane s\u0105 w r\u00f3\u017cnoraki spos\u00f3b.","og_url":"https:\/\/www.bikotech.pl\/index.php\/piwna-osobowosc\/","og_site_name":"bikotech.pl","article_modified_time":"2022-03-28T11:22:57+00:00","og_image":[{"url":"https:\/\/www.bikotech.pl\/wp-content\/uploads\/2022\/03\/piwna_osobowosc.jpg"}],"twitter_card":"summary_large_image","twitter_misc":{"Szacowany czas czytania":"1 minuta"},"schema":{"@context":"https:\/\/schema.org","@graph":[{"@type":"WebPage","@id":"https:\/\/www.bikotech.pl\/index.php\/piwna-osobowosc\/","url":"https:\/\/www.bikotech.pl\/index.php\/piwna-osobowosc\/","name":"PIWNA OSOBOWOSC | bikotech.pl","isPartOf":{"@id":"https:\/\/www.bikotech.pl\/#website"},"datePublished":"2022-03-28T11:03:06+00:00","dateModified":"2022-03-28T11:22:57+00:00","description":"Honorowy tytu\u0142 PIWNA OSOBOWOSC to idea, aby wyr\u00f3\u017cni\u0107, podkre\u015bli\u0107 i uhonorowa\u0107 wyj\u0105tkowe osoby, kt\u00f3re z bran\u017c\u0105 piwowarsk\u0105 zwi\u0105zane s\u0105 w r\u00f3\u017cnoraki spos\u00f3b.","breadcrumb":{"@id":"https:\/\/www.bikotech.pl\/index.php\/piwna-osobowosc\/#breadcrumb"},"inLanguage":"pl-PL","potentialAction":[{"@type":"ReadAction","target":["https:\/\/www.bikotech.pl\/index.php\/piwna-osobowosc\/"]}]},{"@type":"BreadcrumbList","@id":"https:\/\/www.bikotech.pl\/index.php\/piwna-osobowosc\/#breadcrumb","itemListElement":[{"@type":"ListItem","position":1,"name":"Strona g\u0142\u00f3wna","item":"https:\/\/www.bikotech.pl\/"},{"@type":"ListItem","position":2,"name":"PIWNA OSOBOWOSC"}]},{"@type":"WebSite","@id":"https:\/\/www.bikotech.pl\/#website","url":"https:\/\/www.bikotech.pl\/","name":"bikotech.pl","description":"Innowacje, \u015brodowisko, technologie  - prosto i z sensem o przemy\u015ble spo\u017cywczym","potentialAction":[{"@type":"SearchAction","target":{"@type":"EntryPoint","urlTemplate":"https:\/\/www.bikotech.pl\/?s={search_term_string}"},"query-input":"required name=search_term_string"}],"inLanguage":"pl-PL"}]}},"_links":{"self":[{"href":"https:\/\/www.bikotech.pl\/index.php\/wp-json\/wp\/v2\/pages\/16187","targetHints":{"allow":["GET"]}}],"collection":[{"href":"https:\/\/www.bikotech.pl\/index.php\/wp-json\/wp\/v2\/pages"}],"about":[{"href":"https:\/\/www.bikotech.pl\/index.php\/wp-json\/wp\/v2\/types\/page"}],"author":[{"embeddable":true,"href":"https:\/\/www.bikotech.pl\/index.php\/wp-json\/wp\/v2\/users\/2"}],"replies":[{"embeddable":true,"href":"https:\/\/www.bikotech.pl\/index.php\/wp-json\/wp\/v2\/comments?post=16187"}],"version-history":[{"count":8,"href":"https:\/\/www.bikotech.pl\/index.php\/wp-json\/wp\/v2\/pages\/16187\/revisions"}],"predecessor-version":[{"id":16202,"href":"https:\/\/www.bikotech.pl\/index.php\/wp-json\/wp\/v2\/pages\/16187\/revisions\/16202"}],"wp:attachment":[{"href":"https:\/\/www.bikotech.pl\/index.php\/wp-json\/wp\/v2\/media?parent=16187"}],"curies":[{"name":"wp","href":"https:\/\/api.w.org\/{rel}","templated":true}]}}