{"id":11157,"date":"2021-03-10T10:07:48","date_gmt":"2021-03-10T09:07:48","guid":{"rendered":"https:\/\/www.agroindustry.pl\/?page_id=11157"},"modified":"2025-10-06T08:47:55","modified_gmt":"2025-10-06T06:47:55","slug":"polski-kongres-browarniczy","status":"publish","type":"page","link":"https:\/\/www.bikotech.pl\/index.php\/polski-kongres-browarniczy\/","title":{"rendered":"Polski Kongres Browarniczy (PKB)"},"content":{"rendered":"\r\n<p>Historia Polskiego Kongresu Browarniczego rozpoczyna si\u0119 w 20211 roku w Cieszynie. Od tej pory co roku zapraszamy wszystkich ludzi zajmuj\u0105cych si\u0119 zawodowo piwem do udzia\u0142u w spotkaniu. M\u00f3wimy o jako\u015bci, surowcach, nowych piwach, butelkach i zarz\u0105dzaniu procesami.<\/p>\r\n<p><blockquote class=\"wp-embedded-content\" data-secret=\"5wjTcR6lNA\"><a href=\"https:\/\/www.bikotech.pl\/index.php\/2025\/10\/06\/piwny-toast-na-polskim-kongresie-browarniczym-wciaz-legalny-relacja-z-pkb-2025\/\">Piwny Toast na Polskim Kongresie Browarniczym wci\u0105\u017c legalny (relacja z PKB 2025)<\/a><\/blockquote><iframe loading=\"lazy\" class=\"wp-embedded-content\" sandbox=\"allow-scripts\" security=\"restricted\" style=\"position: absolute; visibility: hidden;\" title=\"&#8222;Piwny Toast na Polskim Kongresie Browarniczym wci\u0105\u017c legalny (relacja z PKB 2025)&#8221; &#8212; bikotech.pl\" src=\"https:\/\/www.bikotech.pl\/index.php\/2025\/10\/06\/piwny-toast-na-polskim-kongresie-browarniczym-wciaz-legalny-relacja-z-pkb-2025\/embed\/#?secret=7z5m8byHEu#?secret=5wjTcR6lNA\" data-secret=\"5wjTcR6lNA\" width=\"600\" height=\"338\" frameborder=\"0\" marginwidth=\"0\" marginheight=\"0\" scrolling=\"no\"><\/iframe><\/p>\r\n<p><blockquote class=\"wp-embedded-content\" data-secret=\"NtpJrZHN7f\"><a href=\"https:\/\/www.bikotech.pl\/index.php\/2024\/12\/05\/polski-kongres-browarniczy-2024-profesjonalisci-spotkali-sie-we-wroclawiu-relacja\/\">Polski Kongres Browarniczy 2024 &#8211; profesjonali\u015bci spotkali si\u0119 we Wroc\u0142awiu (relacja)<\/a><\/blockquote><iframe loading=\"lazy\" class=\"wp-embedded-content\" sandbox=\"allow-scripts\" security=\"restricted\" style=\"position: absolute; visibility: hidden;\" title=\"&#8222;Polski Kongres Browarniczy 2024 &#8211; profesjonali\u015bci spotkali si\u0119 we Wroc\u0142awiu (relacja)&#8221; &#8212; bikotech.pl\" src=\"https:\/\/www.bikotech.pl\/index.php\/2024\/12\/05\/polski-kongres-browarniczy-2024-profesjonalisci-spotkali-sie-we-wroclawiu-relacja\/embed\/#?secret=jQYvZCTbHM#?secret=NtpJrZHN7f\" data-secret=\"NtpJrZHN7f\" width=\"600\" height=\"338\" frameborder=\"0\" marginwidth=\"0\" marginheight=\"0\" scrolling=\"no\"><\/iframe><\/p>\r\n<p><blockquote class=\"wp-embedded-content\" data-secret=\"3FpZvOPJeJ\"><a href=\"https:\/\/www.bikotech.pl\/index.php\/2023\/09\/11\/polski-kongres-browarniczy-latarnia-na-morzu-wydarzen-branzy-piwnej-relacja\/\">Polski Kongres Browarniczy &#8211; latarnia na morzu wydarze\u0144 bran\u017cy piwnej (relacja)<\/a><\/blockquote><iframe loading=\"lazy\" class=\"wp-embedded-content\" sandbox=\"allow-scripts\" security=\"restricted\" style=\"position: absolute; visibility: hidden;\" title=\"&#8222;Polski Kongres Browarniczy &#8211; latarnia na morzu wydarze\u0144 bran\u017cy piwnej (relacja)&#8221; &#8212; bikotech.pl\" src=\"https:\/\/www.bikotech.pl\/index.php\/2023\/09\/11\/polski-kongres-browarniczy-latarnia-na-morzu-wydarzen-branzy-piwnej-relacja\/embed\/#?secret=GXU93T9Tbb#?secret=3FpZvOPJeJ\" data-secret=\"3FpZvOPJeJ\" width=\"600\" height=\"338\" frameborder=\"0\" marginwidth=\"0\" marginheight=\"0\" scrolling=\"no\"><\/iframe><\/p>\r\n<p>&nbsp;<\/p>\r\n<p><img loading=\"lazy\" decoding=\"async\" class=\"aligncenter size-large wp-image-20580\" src=\"https:\/\/www.bikotech.pl\/wp-content\/uploads\/2023\/07\/grafiki-do-agro-4-2-1024x726.jpg\" alt=\"\" width=\"730\" height=\"518\" srcset=\"https:\/\/www.bikotech.pl\/wp-content\/uploads\/2023\/07\/grafiki-do-agro-4-2-1024x726.jpg 1024w, https:\/\/www.bikotech.pl\/wp-content\/uploads\/2023\/07\/grafiki-do-agro-4-2-300x213.jpg 300w, https:\/\/www.bikotech.pl\/wp-content\/uploads\/2023\/07\/grafiki-do-agro-4-2-768x545.jpg 768w, https:\/\/www.bikotech.pl\/wp-content\/uploads\/2023\/07\/grafiki-do-agro-4-2-1536x1090.jpg 1536w, https:\/\/www.bikotech.pl\/wp-content\/uploads\/2023\/07\/grafiki-do-agro-4-2-150x106.jpg 150w, https:\/\/www.bikotech.pl\/wp-content\/uploads\/2023\/07\/grafiki-do-agro-4-2.jpg 1748w\" sizes=\"auto, (max-width: 730px) 100vw, 730px\" \/><\/p>\r\n<p>&nbsp;<\/p>\r\n\r\n\r\n\r\n<figure class=\"wp-block-embed-wordpress wp-block-embed is-type-wp-embed is-provider-agroindustry-pl\">\r\n<div class=\"wp-block-embed__wrapper\">\u00a0<\/div>\r\n<\/figure>\r\n\r\n\r\n\r\n<p>&nbsp;<\/p>\r\n\r\n\r\n\r\n<figure class=\"wp-block-embed-wordpress wp-block-embed is-type-wp-embed is-provider-agroindustry-pl\">\r\n<div class=\"wp-block-embed__wrapper\">\r\n<p><blockquote class=\"wp-embedded-content\" data-secret=\"LVUVuY5VIP\"><a href=\"https:\/\/www.bikotech.pl\/index.php\/2022\/09\/09\/polski-kongres-browarniczy-2022\/\">Polski Kongres Browarniczy 2022, czyli piwo to nap\u00f3j szcz\u0119\u015bliwych ludzi<\/a><\/blockquote><iframe loading=\"lazy\" class=\"wp-embedded-content\" sandbox=\"allow-scripts\" security=\"restricted\" style=\"position: absolute; visibility: hidden;\" title=\"&#8222;Polski Kongres Browarniczy 2022, czyli piwo to nap\u00f3j szcz\u0119\u015bliwych ludzi&#8221; &#8212; bikotech.pl\" src=\"https:\/\/www.bikotech.pl\/index.php\/2022\/09\/09\/polski-kongres-browarniczy-2022\/embed\/#?secret=WG7nyh2VTV#?secret=LVUVuY5VIP\" data-secret=\"LVUVuY5VIP\" width=\"600\" height=\"338\" frameborder=\"0\" marginwidth=\"0\" marginheight=\"0\" scrolling=\"no\"><\/iframe><\/p>\r\n<\/div>\r\n<\/figure>\r\n\r\n\r\n\r\n\r\n\r\n<figure class=\"wp-block-embed-wordpress wp-block-embed is-type-wp-embed is-provider-agroindustry-pl\">\r\n<div class=\"wp-block-embed__wrapper\">\r\n<p><blockquote class=\"wp-embedded-content\" data-secret=\"cmFpJfDROW\"><a href=\"https:\/\/www.bikotech.pl\/index.php\/2021\/09\/15\/polski-kongres-browarniczy-2021\/\">Polski Kongres Browarniczy 2021<\/a><\/blockquote><iframe loading=\"lazy\" class=\"wp-embedded-content\" sandbox=\"allow-scripts\" security=\"restricted\" style=\"position: absolute; visibility: hidden;\" title=\"&#8222;Polski Kongres Browarniczy 2021&#8221; &#8212; bikotech.pl\" src=\"https:\/\/www.bikotech.pl\/index.php\/2021\/09\/15\/polski-kongres-browarniczy-2021\/embed\/#?secret=Z7Evx6xoJf#?secret=cmFpJfDROW\" data-secret=\"cmFpJfDROW\" width=\"600\" height=\"338\" frameborder=\"0\" marginwidth=\"0\" marginheight=\"0\" scrolling=\"no\"><\/iframe><\/p>\r\n<p><blockquote class=\"wp-embedded-content\" data-secret=\"z8sRwkfoRc\"><a href=\"https:\/\/www.bikotech.pl\/index.php\/2019\/10\/11\/polski-kongres-browarniczy-lublin-2019-2\/\">Polski Kongres Browarniczy, Lublin 2019<\/a><\/blockquote><iframe loading=\"lazy\" class=\"wp-embedded-content\" sandbox=\"allow-scripts\" security=\"restricted\" style=\"position: absolute; visibility: hidden;\" title=\"&#8222;Polski Kongres Browarniczy, Lublin 2019&#8221; &#8212; bikotech.pl\" src=\"https:\/\/www.bikotech.pl\/index.php\/2019\/10\/11\/polski-kongres-browarniczy-lublin-2019-2\/embed\/#?secret=5k2ndMXrsJ#?secret=z8sRwkfoRc\" data-secret=\"z8sRwkfoRc\" width=\"600\" height=\"338\" frameborder=\"0\" marginwidth=\"0\" marginheight=\"0\" scrolling=\"no\"><\/iframe><\/p>\r\n<\/div>\r\n<\/figure>\r\n\r\n\r\n\r\n<figure class=\"wp-block-embed-wordpress wp-block-embed is-type-wp-embed is-provider-agroindustry-pl\">\r\n<div class=\"wp-block-embed__wrapper\">\u00a0<\/div>\r\n<\/figure>\r\n\r\n\r\n\r\n\r\n\r\n<p>&nbsp;<\/p>\r\n\r\n\r\n\r\n<p>tutaj relacja z edycji 2016:<\/p>\r\n<p><iframe loading=\"lazy\" title=\"Polski Kongres Browarniczy\" width=\"730\" height=\"411\" src=\"https:\/\/www.youtube.com\/embed\/hM5X32Dx2Vg?feature=oembed&#038;enablejsapi=1&#038;origin=https:\/\/www.bikotech.pl\" frameborder=\"0\" allow=\"accelerometer; autoplay; clipboard-write; encrypted-media; gyroscope; picture-in-picture; web-share\" referrerpolicy=\"strict-origin-when-cross-origin\" allowfullscreen><\/iframe><\/p>\r\n\r\n\r\n\r\n<figure class=\"wp-block-embed-youtube wp-block-embed is-type-video is-provider-youtube wp-embed-aspect-16-9 wp-has-aspect-ratio\">\r\n<div class=\"wp-block-embed__wrapper\">\u00a0<\/div>\r\n<\/figure>\r\n","protected":false},"excerpt":{"rendered":"<p>Historia Polskiego Kongresu Browarniczego rozpoczyna si\u0119 w 20211 roku w Cieszynie. Od tej pory co roku zapraszamy wszystkich ludzi zajmuj\u0105cych si\u0119 zawodowo piwem do udzia\u0142u w spotkaniu. M\u00f3wimy o jako\u015bci, surowcach, nowych piwach, butelkach i zarz\u0105dzaniu procesami. &nbsp; &nbsp; &nbsp; &nbsp; tutaj relacja z edycji 2016:<\/p>\n","protected":false},"author":2,"featured_media":26946,"parent":0,"menu_order":0,"comment_status":"closed","ping_status":"closed","template":"","meta":{"footnotes":""},"class_list":["post-11157","page","type-page","status-publish","has-post-thumbnail","hentry"],"yoast_head":"<!-- This site is optimized with the Yoast SEO plugin v20.2.1 - https:\/\/yoast.com\/wordpress\/plugins\/seo\/ -->\n<title>Polski Kongres Browarniczy (PKB) | bikotech.pl<\/title>\n<meta name=\"description\" content=\"Polski Kongres Browarniczy to coroczna konferencja techniczna po\u015bwi\u0119cona technice i technologii w produkcji piwa. W spotkaniu udzia\u0142 bior\u0105 zar\u00f3wno najwi\u0119ksi piwni gracze jak i producenci kraftowi. Podczas kongresu odbywa si\u0119 otwarty dla wszystkich profesjonalny konkurs Good Beer a tak\u017ce konkurs innowacji Piwne Akordy. Kongres odbywa si\u0119 nieprzerwanie od 2011 roku.\" \/>\n<meta name=\"robots\" content=\"index, follow, max-snippet:-1, max-image-preview:large, max-video-preview:-1\" \/>\n<link rel=\"canonical\" href=\"https:\/\/www.bikotech.pl\/index.php\/polski-kongres-browarniczy\/\" \/>\n<meta property=\"og:locale\" content=\"pl_PL\" \/>\n<meta property=\"og:type\" content=\"article\" \/>\n<meta property=\"og:title\" content=\"Polski Kongres Browarniczy (PKB) | bikotech.pl\" \/>\n<meta property=\"og:description\" content=\"Polski Kongres Browarniczy to coroczna konferencja techniczna po\u015bwi\u0119cona technice i technologii w produkcji piwa. W spotkaniu udzia\u0142 bior\u0105 zar\u00f3wno najwi\u0119ksi piwni gracze jak i producenci kraftowi. Podczas kongresu odbywa si\u0119 otwarty dla wszystkich profesjonalny konkurs Good Beer a tak\u017ce konkurs innowacji Piwne Akordy. Kongres odbywa si\u0119 nieprzerwanie od 2011 roku.\" \/>\n<meta property=\"og:url\" content=\"https:\/\/www.bikotech.pl\/index.php\/polski-kongres-browarniczy\/\" \/>\n<meta property=\"og:site_name\" content=\"bikotech.pl\" \/>\n<meta property=\"article:modified_time\" content=\"2025-10-06T06:47:55+00:00\" \/>\n<meta property=\"og:image\" content=\"https:\/\/www.bikotech.pl\/wp-content\/uploads\/2025\/07\/pkb.png\" \/>\n\t<meta property=\"og:image:width\" content=\"1748\" \/>\n\t<meta property=\"og:image:height\" content=\"1240\" \/>\n\t<meta property=\"og:image:type\" content=\"image\/png\" \/>\n<meta name=\"twitter:card\" content=\"summary_large_image\" \/>\n<meta name=\"twitter:label1\" content=\"Szacowany czas czytania\" \/>\n\t<meta name=\"twitter:data1\" content=\"1 minuta\" \/>\n<script type=\"application\/ld+json\" class=\"yoast-schema-graph\">{\"@context\":\"https:\/\/schema.org\",\"@graph\":[{\"@type\":\"WebPage\",\"@id\":\"https:\/\/www.bikotech.pl\/index.php\/polski-kongres-browarniczy\/\",\"url\":\"https:\/\/www.bikotech.pl\/index.php\/polski-kongres-browarniczy\/\",\"name\":\"Polski Kongres Browarniczy (PKB) | bikotech.pl\",\"isPartOf\":{\"@id\":\"https:\/\/www.bikotech.pl\/#website\"},\"datePublished\":\"2021-03-10T09:07:48+00:00\",\"dateModified\":\"2025-10-06T06:47:55+00:00\",\"description\":\"Polski Kongres Browarniczy to coroczna konferencja techniczna po\u015bwi\u0119cona technice i technologii w produkcji piwa. W spotkaniu udzia\u0142 bior\u0105 zar\u00f3wno najwi\u0119ksi piwni gracze jak i producenci kraftowi. Podczas kongresu odbywa si\u0119 otwarty dla wszystkich profesjonalny konkurs Good Beer a tak\u017ce konkurs innowacji Piwne Akordy. Kongres odbywa si\u0119 nieprzerwanie od 2011 roku.\",\"breadcrumb\":{\"@id\":\"https:\/\/www.bikotech.pl\/index.php\/polski-kongres-browarniczy\/#breadcrumb\"},\"inLanguage\":\"pl-PL\",\"potentialAction\":[{\"@type\":\"ReadAction\",\"target\":[\"https:\/\/www.bikotech.pl\/index.php\/polski-kongres-browarniczy\/\"]}]},{\"@type\":\"BreadcrumbList\",\"@id\":\"https:\/\/www.bikotech.pl\/index.php\/polski-kongres-browarniczy\/#breadcrumb\",\"itemListElement\":[{\"@type\":\"ListItem\",\"position\":1,\"name\":\"Strona g\u0142\u00f3wna\",\"item\":\"https:\/\/www.bikotech.pl\/\"},{\"@type\":\"ListItem\",\"position\":2,\"name\":\"Polski Kongres Browarniczy (PKB)\"}]},{\"@type\":\"WebSite\",\"@id\":\"https:\/\/www.bikotech.pl\/#website\",\"url\":\"https:\/\/www.bikotech.pl\/\",\"name\":\"bikotech.pl\",\"description\":\"Innowacje, \u015brodowisko, technologie  - prosto i z sensem o przemy\u015ble spo\u017cywczym\",\"potentialAction\":[{\"@type\":\"SearchAction\",\"target\":{\"@type\":\"EntryPoint\",\"urlTemplate\":\"https:\/\/www.bikotech.pl\/?s={search_term_string}\"},\"query-input\":\"required name=search_term_string\"}],\"inLanguage\":\"pl-PL\"}]}<\/script>\n<!-- \/ Yoast SEO plugin. -->","yoast_head_json":{"title":"Polski Kongres Browarniczy (PKB) | bikotech.pl","description":"Polski Kongres Browarniczy to coroczna konferencja techniczna po\u015bwi\u0119cona technice i technologii w produkcji piwa. W spotkaniu udzia\u0142 bior\u0105 zar\u00f3wno najwi\u0119ksi piwni gracze jak i producenci kraftowi. Podczas kongresu odbywa si\u0119 otwarty dla wszystkich profesjonalny konkurs Good Beer a tak\u017ce konkurs innowacji Piwne Akordy. Kongres odbywa si\u0119 nieprzerwanie od 2011 roku.","robots":{"index":"index","follow":"follow","max-snippet":"max-snippet:-1","max-image-preview":"max-image-preview:large","max-video-preview":"max-video-preview:-1"},"canonical":"https:\/\/www.bikotech.pl\/index.php\/polski-kongres-browarniczy\/","og_locale":"pl_PL","og_type":"article","og_title":"Polski Kongres Browarniczy (PKB) | bikotech.pl","og_description":"Polski Kongres Browarniczy to coroczna konferencja techniczna po\u015bwi\u0119cona technice i technologii w produkcji piwa. W spotkaniu udzia\u0142 bior\u0105 zar\u00f3wno najwi\u0119ksi piwni gracze jak i producenci kraftowi. Podczas kongresu odbywa si\u0119 otwarty dla wszystkich profesjonalny konkurs Good Beer a tak\u017ce konkurs innowacji Piwne Akordy. Kongres odbywa si\u0119 nieprzerwanie od 2011 roku.","og_url":"https:\/\/www.bikotech.pl\/index.php\/polski-kongres-browarniczy\/","og_site_name":"bikotech.pl","article_modified_time":"2025-10-06T06:47:55+00:00","og_image":[{"width":1748,"height":1240,"url":"https:\/\/www.bikotech.pl\/wp-content\/uploads\/2025\/07\/pkb.png","type":"image\/png"}],"twitter_card":"summary_large_image","twitter_misc":{"Szacowany czas czytania":"1 minuta"},"schema":{"@context":"https:\/\/schema.org","@graph":[{"@type":"WebPage","@id":"https:\/\/www.bikotech.pl\/index.php\/polski-kongres-browarniczy\/","url":"https:\/\/www.bikotech.pl\/index.php\/polski-kongres-browarniczy\/","name":"Polski Kongres Browarniczy (PKB) | bikotech.pl","isPartOf":{"@id":"https:\/\/www.bikotech.pl\/#website"},"datePublished":"2021-03-10T09:07:48+00:00","dateModified":"2025-10-06T06:47:55+00:00","description":"Polski Kongres Browarniczy to coroczna konferencja techniczna po\u015bwi\u0119cona technice i technologii w produkcji piwa. W spotkaniu udzia\u0142 bior\u0105 zar\u00f3wno najwi\u0119ksi piwni gracze jak i producenci kraftowi. Podczas kongresu odbywa si\u0119 otwarty dla wszystkich profesjonalny konkurs Good Beer a tak\u017ce konkurs innowacji Piwne Akordy. Kongres odbywa si\u0119 nieprzerwanie od 2011 roku.","breadcrumb":{"@id":"https:\/\/www.bikotech.pl\/index.php\/polski-kongres-browarniczy\/#breadcrumb"},"inLanguage":"pl-PL","potentialAction":[{"@type":"ReadAction","target":["https:\/\/www.bikotech.pl\/index.php\/polski-kongres-browarniczy\/"]}]},{"@type":"BreadcrumbList","@id":"https:\/\/www.bikotech.pl\/index.php\/polski-kongres-browarniczy\/#breadcrumb","itemListElement":[{"@type":"ListItem","position":1,"name":"Strona g\u0142\u00f3wna","item":"https:\/\/www.bikotech.pl\/"},{"@type":"ListItem","position":2,"name":"Polski Kongres Browarniczy (PKB)"}]},{"@type":"WebSite","@id":"https:\/\/www.bikotech.pl\/#website","url":"https:\/\/www.bikotech.pl\/","name":"bikotech.pl","description":"Innowacje, \u015brodowisko, technologie  - prosto i z sensem o przemy\u015ble spo\u017cywczym","potentialAction":[{"@type":"SearchAction","target":{"@type":"EntryPoint","urlTemplate":"https:\/\/www.bikotech.pl\/?s={search_term_string}"},"query-input":"required name=search_term_string"}],"inLanguage":"pl-PL"}]}},"_links":{"self":[{"href":"https:\/\/www.bikotech.pl\/index.php\/wp-json\/wp\/v2\/pages\/11157","targetHints":{"allow":["GET"]}}],"collection":[{"href":"https:\/\/www.bikotech.pl\/index.php\/wp-json\/wp\/v2\/pages"}],"about":[{"href":"https:\/\/www.bikotech.pl\/index.php\/wp-json\/wp\/v2\/types\/page"}],"author":[{"embeddable":true,"href":"https:\/\/www.bikotech.pl\/index.php\/wp-json\/wp\/v2\/users\/2"}],"replies":[{"embeddable":true,"href":"https:\/\/www.bikotech.pl\/index.php\/wp-json\/wp\/v2\/comments?post=11157"}],"version-history":[{"count":25,"href":"https:\/\/www.bikotech.pl\/index.php\/wp-json\/wp\/v2\/pages\/11157\/revisions"}],"predecessor-version":[{"id":28048,"href":"https:\/\/www.bikotech.pl\/index.php\/wp-json\/wp\/v2\/pages\/11157\/revisions\/28048"}],"wp:featuredmedia":[{"embeddable":true,"href":"https:\/\/www.bikotech.pl\/index.php\/wp-json\/wp\/v2\/media\/26946"}],"wp:attachment":[{"href":"https:\/\/www.bikotech.pl\/index.php\/wp-json\/wp\/v2\/media?parent=11157"}],"curies":[{"name":"wp","href":"https:\/\/api.w.org\/{rel}","templated":true}]}}